{"id":352,"date":"2018-11-15T15:42:21","date_gmt":"2018-11-15T15:42:21","guid":{"rendered":"https:\/\/ilmconstruction.ca\/about\/"},"modified":"2019-10-09T15:19:53","modified_gmt":"2019-10-09T15:19:53","slug":"a-propos","status":"publish","type":"page","link":"https:\/\/ilmconstruction.ca\/fr\/a-propos\/","title":{"rendered":"\u00c0 propos"},"content":{"rendered":"<div class=\"fusion-fullwidth fullwidth-box fusion-builder-row-1 nonhundred-percent-fullwidth non-hundred-percent-height-scrolling\"  style='background-color: rgba(255,255,255,0);background-position: center center;background-repeat: no-repeat;padding-top:0px;padding-right:0px;padding-bottom:0px;padding-left:0px;'><div class=\"fusion-builder-row fusion-row \"><div  class=\"fusion-layout-column fusion_builder_column fusion_builder_column_1_3 fusion-builder-column-1 fusion-one-third fusion-column-first 1_3\"  style='margin-top:0px;margin-bottom:20px;width:33.33%;width:calc(33.33% - ( ( 4% ) * 0.3333 ) );margin-right: 4%;'>\n\t\t\t\t\t<div class=\"fusion-column-wrapper\" style=\"padding: 0px 0px 0px 0px;background-position:left top;background-repeat:no-repeat;-webkit-background-size:cover;-moz-background-size:cover;-o-background-size:cover;background-size:cover;\"   data-bg-url=\"\">\n\t\t\t\t\t\t<span class=\"fusion-imageframe imageframe-none imageframe-1 hover-type-none\"><img decoding=\"async\" loading=\"lazy\" src=\"https:\/\/ilmconstruction.ca\/wp-content\/uploads\/2019\/08\/tarion-logo.png\" width=\"530\" height=\"490\" alt=\"\" title=\"tarion-logo\" class=\"img-responsive wp-image-353\" srcset=\"https:\/\/ilmconstruction.ca\/wp-content\/uploads\/2019\/08\/tarion-logo-200x185.png 200w, https:\/\/ilmconstruction.ca\/wp-content\/uploads\/2019\/08\/tarion-logo-400x370.png 400w, https:\/\/ilmconstruction.ca\/wp-content\/uploads\/2019\/08\/tarion-logo.png 530w\" sizes=\"(max-width: 800px) 100vw, 400px\" \/><\/span><div class=\"fusion-clearfix\"><\/div>\n\n\t\t\t\t\t<\/div>\n\t\t\t\t<\/div><div  class=\"fusion-layout-column fusion_builder_column fusion_builder_column_2_3 fusion-builder-column-2 fusion-two-third fusion-column-last 2_3\"  style='margin-top:0px;margin-bottom:20px;width:66.66%;width:calc(66.66% - ( ( 4% ) * 0.6666 ) );'>\n\t\t\t\t\t<div class=\"fusion-column-wrapper\" style=\"padding: 0px 0px 0px 0px;background-position:left top;background-repeat:no-repeat;-webkit-background-size:cover;-moz-background-size:cover;-o-background-size:cover;background-size:cover;\"   data-bg-url=\"\">\n\t\t\t\t\t\t<div class=\"fusion-text\"><p><strong>ILM Construction<\/strong> est une entreprise familiale. Nous concevons et construisons des maisons, des \u00e9difices commerciaux et des projets agricoles sur mesure \u00e0 Casselman, Embrun, Limoges, St-Albert, Crysler et St-Isidore depuis 1993. Nous avons aussi contribu\u00e9 \u00e0 des projets de construction \u00e0 la grandeur des Comt\u00e9s unis de Prescott-Russell (CUPR) et de Stormont, Dundas et Glengarry (SDG).<\/p>\n<p>Forg\u00e9e il y a plusieurs ann\u00e9es, notre r\u00e9putation ne cesse de nous suivre. Nous comprenons l\u2019importance de ce genre de projets et d\u2019investissements. Nous nous employons \u00e0 conserver une notori\u00e9t\u00e9 forte et significative sur le march\u00e9 car il s\u2019agit de notre outil publicitaire le plus puissant.<\/p>\n<p>Le choix du bon constructeur pour construire votre future maison ou projet d\u2019investissement est une d\u00e9cision tr\u00e8s importante. Notre r\u00e9putation s\u2019est forg\u00e9e sur la confiance, le respect et notre engagement envers le service \u00e0 la client\u00e8le et la qualit\u00e9 de l\u2019ex\u00e9cution. Chaque projet de construction que nous entreprenons est g\u00e9r\u00e9 avec soin et construit comme s\u2019il s\u2019agissait de notre propre maison! Chez ILM Construction, notre priorit\u00e9 est d\u2019assurer la pleine satisfaction du client et de faire preuve d\u2019une transparence totale en r\u00e9pondant \u00e0 toute question et pr\u00e9occupation li\u00e9e \u00e0 votre investissement immobilier. Nous nous assurons de fournir \u00e0 chaque client une estimation compl\u00e8te ainsi qu\u2019un calendrier d\u00e9taill\u00e9 afin d\u2019\u00e9viter les maux de t\u00eate et la confusion. Nos gestionnaires de projet d\u2019exp\u00e9rience superviseront et dirigeront l\u2019ensemble du cycle de votre nouvelle construction ou de vos r\u00e9novations \u00e0 toutes les \u00e9tapes de l\u2019ex\u00e9cution, veillant \u00e0 \u00eatre disponibles lorsque vous avez besoin d\u2019eux.<\/p>\n<p>La construction d\u2019un beau logement \/ projet de construction solide exige des mat\u00e9riaux de qualit\u00e9. ILM Construction utilise des mat\u00e9riaux et des produits de construction de premi\u00e8re qualit\u00e9 qui proviennent de fournisseurs locaux de confiance. Notre prestige dans l\u2019industrie est tout aussi important aupr\u00e8s de nos fournisseurs et nos entrepreneurs qu\u2019il ne l\u2019est aupr\u00e8s de nos clients. Ce n\u2019est qu\u2019ensemble que nous pouvons cr\u00e9er et b\u00e2tir la perfection.<br \/>\nChoisir le bon constructeur, c\u2019est choisir le bon partenaire pour cr\u00e9er votre vision, votre r\u00eave et votre r\u00e9alit\u00e9.<\/p>\n<\/div><div class=\"fusion-clearfix\"><\/div>\n\n\t\t\t\t\t<\/div>\n\t\t\t\t<\/div><\/div><\/div>\n","protected":false},"excerpt":{"rendered":"","protected":false},"author":1,"featured_media":0,"parent":0,"menu_order":0,"comment_status":"closed","ping_status":"closed","template":"","meta":{"_mi_skip_tracking":false,"_exactmetrics_sitenote_active":false,"_exactmetrics_sitenote_note":"","_exactmetrics_sitenote_category":0,"footnotes":""},"yoast_head":"<!-- This site is optimized with the Yoast SEO plugin v14.5 - https:\/\/yoast.com\/wordpress\/plugins\/seo\/ -->\n<title>\u00c0 propos - ILM Construction<\/title>\n<meta name=\"robots\" content=\"index, follow\" \/>\n<meta name=\"googlebot\" content=\"index, follow, max-snippet:-1, max-image-preview:large, max-video-preview:-1\" \/>\n<meta name=\"bingbot\" content=\"index, follow, max-snippet:-1, max-image-preview:large, max-video-preview:-1\" \/>\n<link rel=\"canonical\" href=\"https:\/\/ilmconstruction.ca\/fr\/a-propos\/\" \/>\n<meta property=\"og:locale\" content=\"fr_FR\" \/>\n<meta property=\"og:type\" content=\"article\" \/>\n<meta property=\"og:title\" content=\"\u00c0 propos - ILM Construction\" \/>\n<meta property=\"og:url\" content=\"https:\/\/ilmconstruction.ca\/fr\/a-propos\/\" \/>\n<meta property=\"og:site_name\" content=\"ILM Construction\" \/>\n<meta property=\"article:modified_time\" content=\"2019-10-09T15:19:53+00:00\" \/>\n<meta name=\"twitter:card\" content=\"summary_large_image\" \/>\n<script type=\"application\/ld+json\" class=\"yoast-schema-graph\">{\"@context\":\"https:\/\/schema.org\",\"@graph\":[{\"@type\":\"WebSite\",\"@id\":\"https:\/\/ilmconstruction.ca\/fr\/#website\",\"url\":\"https:\/\/ilmconstruction.ca\/fr\/\",\"name\":\"ILM Construction\",\"description\":\"Custom Project | Residential - Commercial - Agricultrural\",\"potentialAction\":[{\"@type\":\"SearchAction\",\"target\":\"https:\/\/ilmconstruction.ca\/fr\/?s={search_term_string}\",\"query-input\":\"required name=search_term_string\"}],\"inLanguage\":\"fr-FR\"},{\"@type\":\"WebPage\",\"@id\":\"https:\/\/ilmconstruction.ca\/fr\/a-propos\/#webpage\",\"url\":\"https:\/\/ilmconstruction.ca\/fr\/a-propos\/\",\"name\":\"\\u00c0 propos - ILM Construction\",\"isPartOf\":{\"@id\":\"https:\/\/ilmconstruction.ca\/fr\/#website\"},\"datePublished\":\"2018-11-15T15:42:21+00:00\",\"dateModified\":\"2019-10-09T15:19:53+00:00\",\"inLanguage\":\"fr-FR\",\"potentialAction\":[{\"@type\":\"ReadAction\",\"target\":[\"https:\/\/ilmconstruction.ca\/fr\/a-propos\/\"]}]}]}<\/script>\n<!-- \/ Yoast SEO plugin. -->","_links":{"self":[{"href":"https:\/\/ilmconstruction.ca\/fr\/wp-json\/wp\/v2\/pages\/352"}],"collection":[{"href":"https:\/\/ilmconstruction.ca\/fr\/wp-json\/wp\/v2\/pages"}],"about":[{"href":"https:\/\/ilmconstruction.ca\/fr\/wp-json\/wp\/v2\/types\/page"}],"author":[{"embeddable":true,"href":"https:\/\/ilmconstruction.ca\/fr\/wp-json\/wp\/v2\/users\/1"}],"replies":[{"embeddable":true,"href":"https:\/\/ilmconstruction.ca\/fr\/wp-json\/wp\/v2\/comments?post=352"}],"version-history":[{"count":2,"href":"https:\/\/ilmconstruction.ca\/fr\/wp-json\/wp\/v2\/pages\/352\/revisions"}],"predecessor-version":[{"id":392,"href":"https:\/\/ilmconstruction.ca\/fr\/wp-json\/wp\/v2\/pages\/352\/revisions\/392"}],"wp:attachment":[{"href":"https:\/\/ilmconstruction.ca\/fr\/wp-json\/wp\/v2\/media?parent=352"}],"curies":[{"name":"wp","href":"https:\/\/api.w.org\/{rel}","templated":true}]}}